{"id":17,"date":"2021-05-11T19:38:51","date_gmt":"2021-05-11T19:38:51","guid":{"rendered":"https:\/\/worldspark.pl\/?page_id=17"},"modified":"2021-08-23T16:25:54","modified_gmt":"2021-08-23T16:25:54","slug":"strona-glowna","status":"publish","type":"page","link":"https:\/\/worldspark.pl\/","title":{"rendered":"Strona g\u0142\u00f3wna"},"content":{"rendered":"\t\t<div data-elementor-type=\"wp-page\" data-elementor-id=\"17\" class=\"elementor elementor-17\">\n\t\t\t\t\t\t\t\t\t<section class=\"elementor-section elementor-top-section elementor-element elementor-element-21384e0 elementor-section-full_width elementor-section-height-min-height elementor-section-stretched elementor-section-height-default elementor-section-items-middle\" data-id=\"21384e0\" data-element_type=\"section\" data-settings=\"{&quot;stretch_section&quot;:&quot;section-stretched&quot;,&quot;background_background&quot;:&quot;classic&quot;,&quot;_ha_eqh_enable&quot;:false}\">\n\t\t\t\t\t\t\t<div class=\"elementor-background-overlay\"><\/div>\n\t\t\t\t\t\t\t<div class=\"elementor-container elementor-column-gap-no\">\n\t\t\t\t\t<div class=\"elementor-column elementor-col-100 elementor-top-column elementor-element elementor-element-0cc4d72\" data-id=\"0cc4d72\" data-element_type=\"column\">\n\t\t\t<div class=\"elementor-widget-wrap elementor-element-populated\">\n\t\t\t\t\t\t\t\t<div class=\"elementor-element elementor-element-7f27faa elementor-widget elementor-widget-premium-addon-fancy-text\" data-id=\"7f27faa\" data-element_type=\"widget\" data-widget_type=\"premium-addon-fancy-text.default\">\n\t\t\t\t<div class=\"elementor-widget-container\">\n\t\t\t\t\t<div class=\"premium-fancy-text-wrapper typing  \" data-settings=\"{&quot;effect&quot;:&quot;typing&quot;,&quot;strings&quot;:[&quot;Biznes&quot;,&quot;Pasja&quot;],&quot;typeSpeed&quot;:100,&quot;backSpeed&quot;:150,&quot;startDelay&quot;:0,&quot;backDelay&quot;:300,&quot;showCursor&quot;:false,&quot;cursorChar&quot;:&quot;&quot;,&quot;loop&quot;:true,&quot;loading&quot;:&quot;&quot;}\">\r\n\t\t\t\t\t\t\t<span class=\"premium-prefix-text\">\r\n\t\t\t\t\t<span >World Spark to <\/span>\r\n\t\t\t\t<\/span>\r\n\t\t\t\r\n\t\t\t\t\t<span id=\"premium-fancy-text-7f27faa\" class=\"premium-fancy-text\"><\/span>\r\n\t\t\t\t\t<\/div>\r\n\t\t\t\t<\/div>\n\t\t\t\t<\/div>\n\t\t\t\t\t<\/div>\n\t\t<\/div>\n\t\t\t\t\t\t\t<\/div>\n\t\t<\/section>\n\t\t\t\t<section class=\"elementor-section elementor-top-section elementor-element elementor-element-8e6c989 elementor-section-boxed elementor-section-height-default elementor-section-height-default\" data-id=\"8e6c989\" data-element_type=\"section\" data-settings=\"{&quot;_ha_eqh_enable&quot;:false}\">\n\t\t\t\t\t\t<div class=\"elementor-container elementor-column-gap-default\">\n\t\t\t\t\t<div class=\"elementor-column elementor-col-100 elementor-top-column elementor-element elementor-element-750efc3\" data-id=\"750efc3\" data-element_type=\"column\">\n\t\t\t<div class=\"elementor-widget-wrap elementor-element-populated\">\n\t\t\t\t\t\t\t\t<div class=\"elementor-element elementor-element-015e97f elementor-widget elementor-widget-spacer\" data-id=\"015e97f\" data-element_type=\"widget\" data-widget_type=\"spacer.default\">\n\t\t\t\t<div class=\"elementor-widget-container\">\n\t\t\t\t\t<div class=\"elementor-spacer\">\n\t\t\t<div class=\"elementor-spacer-inner\"><\/div>\n\t\t<\/div>\n\t\t\t\t<\/div>\n\t\t\t\t<\/div>\n\t\t\t\t\t<\/div>\n\t\t<\/div>\n\t\t\t\t\t\t\t<\/div>\n\t\t<\/section>\n\t\t\t\t<section class=\"elementor-section elementor-top-section elementor-element elementor-element-de1de97 elementor-section-boxed elementor-section-height-default elementor-section-height-default\" data-id=\"de1de97\" data-element_type=\"section\" data-settings=\"{&quot;_ha_eqh_enable&quot;:false}\">\n\t\t\t\t\t\t<div class=\"elementor-container elementor-column-gap-default\">\n\t\t\t\t\t<div class=\"elementor-column elementor-col-100 elementor-top-column elementor-element elementor-element-23682e7\" data-id=\"23682e7\" data-element_type=\"column\">\n\t\t\t<div class=\"elementor-widget-wrap elementor-element-populated\">\n\t\t\t\t\t\t\t\t<div class=\"elementor-element elementor-element-68e9263 elementor-widget-divider--view-line elementor-widget elementor-widget-divider\" data-id=\"68e9263\" data-element_type=\"widget\" data-widget_type=\"divider.default\">\n\t\t\t\t<div class=\"elementor-widget-container\">\n\t\t\t\t\t<div class=\"elementor-divider\">\n\t\t\t<span class=\"elementor-divider-separator\">\n\t\t\t\t\t\t<\/span>\n\t\t<\/div>\n\t\t\t\t<\/div>\n\t\t\t\t<\/div>\n\t\t\t\t\t<\/div>\n\t\t<\/div>\n\t\t\t\t\t\t\t<\/div>\n\t\t<\/section>\n\t\t\t\t<section class=\"elementor-section elementor-top-section elementor-element elementor-element-a80ec1b elementor-section-boxed elementor-section-height-default elementor-section-height-default\" data-id=\"a80ec1b\" data-element_type=\"section\" data-settings=\"{&quot;_ha_eqh_enable&quot;:false}\">\n\t\t\t\t\t\t<div class=\"elementor-container elementor-column-gap-default\">\n\t\t\t\t\t<div class=\"elementor-column elementor-col-100 elementor-top-column elementor-element elementor-element-59a437e\" data-id=\"59a437e\" data-element_type=\"column\">\n\t\t\t<div class=\"elementor-widget-wrap elementor-element-populated\">\n\t\t\t\t\t\t\t\t<div class=\"elementor-element elementor-element-164e733 elementor-widget elementor-widget-text-editor\" data-id=\"164e733\" data-element_type=\"widget\" data-widget_type=\"text-editor.default\">\n\t\t\t\t<div class=\"elementor-widget-container\">\n\t\t\t\t\t\t\t<h3>Sp\u00f3\u0142ka WORLD SPARK to wypadkowa biznesu i rodzinnej pasji, kt\u00f3ra jest pog\u0142\u0119biana i rozwijana jest od ponad 20 lat.<\/h3>\t\t\t\t\t\t<\/div>\n\t\t\t\t<\/div>\n\t\t\t\t\t<\/div>\n\t\t<\/div>\n\t\t\t\t\t\t\t<\/div>\n\t\t<\/section>\n\t\t\t\t<section class=\"elementor-section elementor-top-section elementor-element elementor-element-44f38c2 elementor-section-boxed elementor-section-height-default elementor-section-height-default\" data-id=\"44f38c2\" data-element_type=\"section\" data-settings=\"{&quot;_ha_eqh_enable&quot;:false}\">\n\t\t\t\t\t\t<div class=\"elementor-container elementor-column-gap-default\">\n\t\t\t\t\t<div class=\"elementor-column elementor-col-100 elementor-top-column elementor-element elementor-element-11199ab\" data-id=\"11199ab\" data-element_type=\"column\">\n\t\t\t<div class=\"elementor-widget-wrap elementor-element-populated\">\n\t\t\t\t\t\t\t\t<div class=\"elementor-element elementor-element-201155e elementor-widget-divider--view-line elementor-widget elementor-widget-divider\" data-id=\"201155e\" data-element_type=\"widget\" data-widget_type=\"divider.default\">\n\t\t\t\t<div class=\"elementor-widget-container\">\n\t\t\t\t\t<div class=\"elementor-divider\">\n\t\t\t<span class=\"elementor-divider-separator\">\n\t\t\t\t\t\t<\/span>\n\t\t<\/div>\n\t\t\t\t<\/div>\n\t\t\t\t<\/div>\n\t\t\t\t\t<\/div>\n\t\t<\/div>\n\t\t\t\t\t\t\t<\/div>\n\t\t<\/section>\n\t\t\t\t<section class=\"elementor-section elementor-top-section elementor-element elementor-element-b91ddcf elementor-section-full_width elementor-section-height-min-height elementor-section-stretched elementor-section-height-default elementor-section-items-middle\" data-id=\"b91ddcf\" data-element_type=\"section\" data-settings=\"{&quot;stretch_section&quot;:&quot;section-stretched&quot;,&quot;background_background&quot;:&quot;classic&quot;,&quot;_ha_eqh_enable&quot;:false}\">\n\t\t\t\t\t\t\t<div class=\"elementor-background-overlay\"><\/div>\n\t\t\t\t\t\t\t<div class=\"elementor-container elementor-column-gap-default\">\n\t\t\t\t\t<div class=\"elementor-column elementor-col-100 elementor-top-column elementor-element elementor-element-907a05a\" data-id=\"907a05a\" data-element_type=\"column\">\n\t\t\t<div class=\"elementor-widget-wrap elementor-element-populated\">\n\t\t\t\t\t\t\t\t<div class=\"elementor-element elementor-element-18f4f3e elementor-widget elementor-widget-heading\" data-id=\"18f4f3e\" data-element_type=\"widget\" data-widget_type=\"heading.default\">\n\t\t\t\t<div class=\"elementor-widget-container\">\n\t\t\t<h2 class=\"elementor-heading-title elementor-size-default\">Znamy si\u0119 na rzeczy<\/h2>\t\t<\/div>\n\t\t\t\t<\/div>\n\t\t\t\t\t<\/div>\n\t\t<\/div>\n\t\t\t\t\t\t\t<\/div>\n\t\t<\/section>\n\t\t\t\t<section class=\"elementor-section elementor-top-section elementor-element elementor-element-93fea74 elementor-section-boxed elementor-section-height-default elementor-section-height-default\" data-id=\"93fea74\" data-element_type=\"section\" data-settings=\"{&quot;_ha_eqh_enable&quot;:false}\">\n\t\t\t\t\t\t<div class=\"elementor-container elementor-column-gap-default\">\n\t\t\t\t\t<div class=\"elementor-column elementor-col-100 elementor-top-column elementor-element elementor-element-b023df5\" data-id=\"b023df5\" data-element_type=\"column\">\n\t\t\t<div class=\"elementor-widget-wrap elementor-element-populated\">\n\t\t\t\t\t\t\t\t<div class=\"elementor-element elementor-element-22306e0 elementor-widget elementor-widget-text-editor\" data-id=\"22306e0\" data-element_type=\"widget\" data-widget_type=\"text-editor.default\">\n\t\t\t\t<div class=\"elementor-widget-container\">\n\t\t\t\t\t\t\t<h4>Burza pomys\u0142\u00f3w, brak pokory i p\u0142ynno\u015b\u0107 w \u015bwiecie nowych technologii pozwala nam usprawni\u0107 prac\u0119<br \/>oraz dotrze\u0107 do szerszego grona odbiorc\u00f3w.<\/h4><h4>Dzi\u0119ki znajomo\u015bci potrzeb m\u0142odego pokolenia przedsi\u0119biorc\u00f3w jeste\u015bmy w stanie zapewni\u0107 im wsparcie kt\u00f3rego potrzebuj\u0105 aby odnie\u015b\u0107 sukces.<\/h4>\t\t\t\t\t\t<\/div>\n\t\t\t\t<\/div>\n\t\t\t\t\t<\/div>\n\t\t<\/div>\n\t\t\t\t\t\t\t<\/div>\n\t\t<\/section>\n\t\t\t\t<section class=\"elementor-section elementor-top-section elementor-element elementor-element-ae1b047 elementor-section-boxed elementor-section-height-default elementor-section-height-default\" data-id=\"ae1b047\" data-element_type=\"section\" data-settings=\"{&quot;_ha_eqh_enable&quot;:false}\">\n\t\t\t\t\t\t<div class=\"elementor-container elementor-column-gap-default\">\n\t\t\t\t\t<div class=\"elementor-column elementor-col-100 elementor-top-column elementor-element elementor-element-a874264\" data-id=\"a874264\" data-element_type=\"column\">\n\t\t\t<div class=\"elementor-widget-wrap elementor-element-populated\">\n\t\t\t\t\t\t\t\t<div class=\"elementor-element elementor-element-4154988 elementor-widget-divider--view-line elementor-widget elementor-widget-divider\" data-id=\"4154988\" data-element_type=\"widget\" data-widget_type=\"divider.default\">\n\t\t\t\t<div class=\"elementor-widget-container\">\n\t\t\t\t\t<div class=\"elementor-divider\">\n\t\t\t<span class=\"elementor-divider-separator\">\n\t\t\t\t\t\t<\/span>\n\t\t<\/div>\n\t\t\t\t<\/div>\n\t\t\t\t<\/div>\n\t\t\t\t\t<\/div>\n\t\t<\/div>\n\t\t\t\t\t\t\t<\/div>\n\t\t<\/section>\n\t\t\t\t<section class=\"elementor-section elementor-top-section elementor-element elementor-element-4a8f7b4 elementor-section-boxed elementor-section-height-default elementor-section-height-default\" data-id=\"4a8f7b4\" data-element_type=\"section\" data-settings=\"{&quot;_ha_eqh_enable&quot;:false}\">\n\t\t\t\t\t\t<div class=\"elementor-container elementor-column-gap-default\">\n\t\t\t\t\t<div class=\"elementor-column elementor-col-100 elementor-top-column elementor-element elementor-element-3af14c6\" data-id=\"3af14c6\" data-element_type=\"column\">\n\t\t\t<div class=\"elementor-widget-wrap elementor-element-populated\">\n\t\t\t\t\t\t\t\t<div class=\"elementor-element elementor-element-00fbb8e elementor-position-left elementor-vertical-align-top elementor-widget elementor-widget-image-box\" data-id=\"00fbb8e\" data-element_type=\"widget\" data-widget_type=\"image-box.default\">\n\t\t\t\t<div class=\"elementor-widget-container\">\n\t\t\t<div class=\"elementor-image-box-wrapper\"><figure class=\"elementor-image-box-img\"><img decoding=\"async\" loading=\"lazy\" width=\"300\" height=\"300\" src=\"https:\/\/worldspark.pl\/wp-content\/uploads\/2021\/06\/pol-ang.png\" class=\"elementor-animation-grow attachment-full size-full\" alt=\"\" \/><\/figure><div class=\"elementor-image-box-content\"><h3 class=\"elementor-image-box-title\">Angloj\u0119zyczna obs\u0142uga<\/h3><p class=\"elementor-image-box-description\">W naszym biurze pos\u0142ugujemy si\u0119 zar\u00f3wno j\u0119zykiem Polskim jak <br>i Angielskim aby nikt nie czu\u0142 si\u0119 wykluczony. <\/p><\/div><\/div>\t\t<\/div>\n\t\t\t\t<\/div>\n\t\t\t\t\t<\/div>\n\t\t<\/div>\n\t\t\t\t\t\t\t<\/div>\n\t\t<\/section>\n\t\t\t\t<section class=\"elementor-section elementor-top-section elementor-element elementor-element-f6721d5 elementor-section-full_width elementor-section-height-min-height elementor-section-stretched elementor-section-height-default elementor-section-items-middle\" data-id=\"f6721d5\" data-element_type=\"section\" data-settings=\"{&quot;stretch_section&quot;:&quot;section-stretched&quot;,&quot;background_background&quot;:&quot;classic&quot;,&quot;_ha_eqh_enable&quot;:false}\">\n\t\t\t\t\t\t\t<div class=\"elementor-background-overlay\"><\/div>\n\t\t\t\t\t\t\t<div class=\"elementor-container elementor-column-gap-default\">\n\t\t\t\t\t<div class=\"elementor-column elementor-col-100 elementor-top-column elementor-element elementor-element-ad46488\" data-id=\"ad46488\" data-element_type=\"column\">\n\t\t\t<div class=\"elementor-widget-wrap elementor-element-populated\">\n\t\t\t\t\t\t\t\t<div class=\"elementor-element elementor-element-63be6a7 elementor-widget elementor-widget-heading\" data-id=\"63be6a7\" data-element_type=\"widget\" data-widget_type=\"heading.default\">\n\t\t\t\t<div class=\"elementor-widget-container\">\n\t\t\t<h2 class=\"elementor-heading-title elementor-size-default\">Mo\u017cesz nam zaufa\u0107<\/h2>\t\t<\/div>\n\t\t\t\t<\/div>\n\t\t\t\t\t<\/div>\n\t\t<\/div>\n\t\t\t\t\t\t\t<\/div>\n\t\t<\/section>\n\t\t\t\t<section class=\"elementor-section elementor-top-section elementor-element elementor-element-ed1d2b4 elementor-section-boxed elementor-section-height-default elementor-section-height-default\" data-id=\"ed1d2b4\" data-element_type=\"section\" data-settings=\"{&quot;_ha_eqh_enable&quot;:false}\">\n\t\t\t\t\t\t<div class=\"elementor-container elementor-column-gap-default\">\n\t\t\t\t\t<div class=\"elementor-column elementor-col-100 elementor-top-column elementor-element elementor-element-7f88798\" data-id=\"7f88798\" data-element_type=\"column\">\n\t\t\t<div class=\"elementor-widget-wrap elementor-element-populated\">\n\t\t\t\t\t\t\t\t<div class=\"elementor-element elementor-element-5055d18 elementor-widget elementor-widget-text-editor\" data-id=\"5055d18\" data-element_type=\"widget\" data-widget_type=\"text-editor.default\">\n\t\t\t\t<div class=\"elementor-widget-container\">\n\t\t\t\t\t\t\t<h4>Do\u015bwiadczenie, wiedza i praktyka po\u0142\u0105czone z nowymi rozwi\u0105zaniami pozwalaj\u0105 nam na fachow\u0105 pomoc <br \/>w zak\u0142adaniu firmy i jej kompleksow\u0105 obs\u0142ug\u0119.<\/h4><h4>Praktyczna znajomo\u015b\u0107 r\u00f3\u017cnorodnych modeli biznesowych u\u0142atwia nam dostosowanie naszej oferty do oczekiwa\u0144 klient\u00f3w.<\/h4><h4>Naszym celem jest <strong>\u201erozwi\u0105zanie szyte na miar\u0119\u201d<\/strong>. Idealne zar\u00f3wno dla nowopowstaj\u0105cego biznesu jak i dla przedsi\u0119biorstwa rozwijaj\u0105cego si\u0119.<\/h4>\t\t\t\t\t\t<\/div>\n\t\t\t\t<\/div>\n\t\t\t\t\t<\/div>\n\t\t<\/div>\n\t\t\t\t\t\t\t<\/div>\n\t\t<\/section>\n\t\t\t\t<section class=\"elementor-section elementor-top-section elementor-element elementor-element-449b740 elementor-section-boxed elementor-section-height-default elementor-section-height-default\" data-id=\"449b740\" data-element_type=\"section\" data-settings=\"{&quot;_ha_eqh_enable&quot;:false}\">\n\t\t\t\t\t\t<div class=\"elementor-container elementor-column-gap-default\">\n\t\t\t\t\t<div class=\"elementor-column elementor-col-100 elementor-top-column elementor-element elementor-element-60f7d1d\" data-id=\"60f7d1d\" data-element_type=\"column\">\n\t\t\t<div class=\"elementor-widget-wrap elementor-element-populated\">\n\t\t\t\t\t\t\t\t<div class=\"elementor-element elementor-element-1fed1e7 elementor-widget-divider--view-line elementor-widget elementor-widget-divider\" data-id=\"1fed1e7\" data-element_type=\"widget\" data-widget_type=\"divider.default\">\n\t\t\t\t<div class=\"elementor-widget-container\">\n\t\t\t\t\t<div class=\"elementor-divider\">\n\t\t\t<span class=\"elementor-divider-separator\">\n\t\t\t\t\t\t<\/span>\n\t\t<\/div>\n\t\t\t\t<\/div>\n\t\t\t\t<\/div>\n\t\t\t\t\t<\/div>\n\t\t<\/div>\n\t\t\t\t\t\t\t<\/div>\n\t\t<\/section>\n\t\t\t\t<section class=\"elementor-section elementor-top-section elementor-element elementor-element-4a76686 elementor-section-boxed elementor-section-height-default elementor-section-height-default\" data-id=\"4a76686\" data-element_type=\"section\" data-settings=\"{&quot;_ha_eqh_enable&quot;:false}\">\n\t\t\t\t\t\t<div class=\"elementor-container elementor-column-gap-default\">\n\t\t\t\t\t<div class=\"elementor-column elementor-col-100 elementor-top-column elementor-element elementor-element-0e1b90b\" data-id=\"0e1b90b\" data-element_type=\"column\">\n\t\t\t<div class=\"elementor-widget-wrap elementor-element-populated\">\n\t\t\t\t\t\t\t\t<div class=\"elementor-element elementor-element-312246e elementor-widget elementor-widget-text-editor\" data-id=\"312246e\" data-element_type=\"widget\" data-widget_type=\"text-editor.default\">\n\t\t\t\t<div class=\"elementor-widget-container\">\n\t\t\t\t\t\t\t<h4>Obs\u0142ugujemy podmioty o zr\u00f3\u017cnicowanej specyfice , nie ograniczaj\u0105c si\u0119 do wybranych bran\u017c.<\/h4><h4>Wszyscy Klienci biura mog\u0105 liczy\u0107 na pe\u0142n\u0105 dyskrecj\u0119, profesjonalizm oraz zaanga\u017cowanie kt\u00f3re ukazuj\u0105 si\u0119 <br \/>w indywidualnym i rzetelnym podej\u015bciu do ka\u017cdej zleconej sprawy.<\/h4>\t\t\t\t\t\t<\/div>\n\t\t\t\t<\/div>\n\t\t\t\t\t<\/div>\n\t\t<\/div>\n\t\t\t\t\t\t\t<\/div>\n\t\t<\/section>\n\t\t\t\t<section class=\"elementor-section elementor-top-section elementor-element elementor-element-8e543b1 elementor-section-full_width elementor-section-stretched elementor-section-height-min-height elementor-section-height-default elementor-section-items-middle\" data-id=\"8e543b1\" data-element_type=\"section\" data-settings=\"{&quot;stretch_section&quot;:&quot;section-stretched&quot;,&quot;background_background&quot;:&quot;classic&quot;,&quot;_ha_eqh_enable&quot;:false}\">\n\t\t\t\t\t\t\t<div class=\"elementor-background-overlay\"><\/div>\n\t\t\t\t\t\t\t<div class=\"elementor-container elementor-column-gap-no\">\n\t\t\t\t\t<div class=\"elementor-column elementor-col-100 elementor-top-column elementor-element elementor-element-895e41a\" data-id=\"895e41a\" data-element_type=\"column\">\n\t\t\t<div class=\"elementor-widget-wrap elementor-element-populated\">\n\t\t\t\t\t\t\t\t<div class=\"elementor-element elementor-element-1f27b2c content-align-cta-center elementor-widget elementor-widget-eael-cta-box\" data-id=\"1f27b2c\" data-element_type=\"widget\" data-widget_type=\"eael-cta-box.default\">\n\t\t\t\t<div class=\"elementor-widget-container\">\n\t\t\t\t\t<div class=\"eael-call-to-action cta-basic bg-lite cta-preset-1\">\n        <h2 class=\"title\">Zapraszamy do kontaktu<\/h2><p>Zainteresowanych wsp\u00f3\u0142prac\u0105 zapraszamy do kontaktu. Um\u00f3w si\u0119 na wizyt\u0119 i sprawd\u017a co dla Ciebie przygotowali\u015bmy.<\/p><a href=\"https:\/\/worldspark.pl\/?page_id=21\" class=\"cta-button  effect-2\">Um\u00f3w si\u0119 na wizyt\u0119<\/a><a href=\"https:\/\/worldspark.pl\/?page_id=27\" class=\"cta-button cta-secondary-button effect-2\">Kontakt<\/a>\t<\/div>\n\t\t\t\t\t\t<\/div>\n\t\t\t\t<\/div>\n\t\t\t\t\t<\/div>\n\t\t<\/div>\n\t\t\t\t\t\t\t<\/div>\n\t\t<\/section>\n\t\t\t\t\t\t\t<\/div>\n\t\t","protected":false},"excerpt":{"rendered":"<p>World Spark to Sp\u00f3\u0142ka WORLD SPARK to wypadkowa biznesu i rodzinnej pasji, kt\u00f3ra jest pog\u0142\u0119biana i rozwijana jest od ponad 20 lat. Znamy si\u0119 na rzeczy Burza pomys\u0142\u00f3w, brak pokory i p\u0142ynno\u015b\u0107 w \u015bwiecie nowych technologii pozwala nam usprawni\u0107 prac\u0119oraz dotrze\u0107 do szerszego grona odbiorc\u00f3w. Dzi\u0119ki znajomo\u015bci potrzeb m\u0142odego pokolenia przedsi\u0119biorc\u00f3w jeste\u015bmy w stanie zapewni\u0107 [&hellip;]<\/p>\n","protected":false},"author":1,"featured_media":0,"parent":0,"menu_order":0,"comment_status":"closed","ping_status":"closed","template":"","meta":{"footnotes":""},"_links":{"self":[{"href":"https:\/\/worldspark.pl\/index.php?rest_route=\/wp\/v2\/pages\/17"}],"collection":[{"href":"https:\/\/worldspark.pl\/index.php?rest_route=\/wp\/v2\/pages"}],"about":[{"href":"https:\/\/worldspark.pl\/index.php?rest_route=\/wp\/v2\/types\/page"}],"author":[{"embeddable":true,"href":"https:\/\/worldspark.pl\/index.php?rest_route=\/wp\/v2\/users\/1"}],"replies":[{"embeddable":true,"href":"https:\/\/worldspark.pl\/index.php?rest_route=%2Fwp%2Fv2%2Fcomments&post=17"}],"version-history":[{"count":29,"href":"https:\/\/worldspark.pl\/index.php?rest_route=\/wp\/v2\/pages\/17\/revisions"}],"predecessor-version":[{"id":183,"href":"https:\/\/worldspark.pl\/index.php?rest_route=\/wp\/v2\/pages\/17\/revisions\/183"}],"wp:attachment":[{"href":"https:\/\/worldspark.pl\/index.php?rest_route=%2Fwp%2Fv2%2Fmedia&parent=17"}],"curies":[{"name":"wp","href":"https:\/\/api.w.org\/{rel}","templated":true}]}}