{"id":19,"date":"2021-05-11T19:39:08","date_gmt":"2021-05-11T19:39:08","guid":{"rendered":"https:\/\/worldspark.pl\/?page_id=19"},"modified":"2023-11-05T21:42:52","modified_gmt":"2023-11-05T21:42:52","slug":"o-nas","status":"publish","type":"page","link":"https:\/\/worldspark.pl\/?page_id=19","title":{"rendered":"O nas"},"content":{"rendered":"\t\t<div data-elementor-type=\"wp-page\" data-elementor-id=\"19\" class=\"elementor elementor-19\">\n\t\t\t\t\t\t\t\t\t<section class=\"elementor-section elementor-top-section elementor-element elementor-element-2254350 elementor-section-full_width elementor-section-height-min-height elementor-section-stretched elementor-section-height-default elementor-section-items-middle\" data-id=\"2254350\" data-element_type=\"section\" data-settings=\"{&quot;stretch_section&quot;:&quot;section-stretched&quot;,&quot;background_background&quot;:&quot;classic&quot;,&quot;_ha_eqh_enable&quot;:false}\">\n\t\t\t\t\t\t\t<div class=\"elementor-background-overlay\"><\/div>\n\t\t\t\t\t\t\t<div class=\"elementor-container elementor-column-gap-no\">\n\t\t\t\t\t<div class=\"elementor-column elementor-col-100 elementor-top-column elementor-element elementor-element-95be910\" data-id=\"95be910\" data-element_type=\"column\">\n\t\t\t<div class=\"elementor-widget-wrap elementor-element-populated\">\n\t\t\t\t\t\t\t\t<div class=\"elementor-element elementor-element-adfd7b3 elementor-widget elementor-widget-heading\" data-id=\"adfd7b3\" data-element_type=\"widget\" data-widget_type=\"heading.default\">\n\t\t\t\t<div class=\"elementor-widget-container\">\n\t\t\t<h2 class=\"elementor-heading-title elementor-size-default\">Kto tworzy World Spark<\/h2>\t\t<\/div>\n\t\t\t\t<\/div>\n\t\t\t\t\t<\/div>\n\t\t<\/div>\n\t\t\t\t\t\t\t<\/div>\n\t\t<\/section>\n\t\t\t\t<section class=\"elementor-section elementor-top-section elementor-element elementor-element-1051540 elementor-section-boxed elementor-section-height-default elementor-section-height-default\" data-id=\"1051540\" data-element_type=\"section\" data-settings=\"{&quot;_ha_eqh_enable&quot;:false}\">\n\t\t\t\t\t\t<div class=\"elementor-container elementor-column-gap-default\">\n\t\t\t\t\t<div class=\"elementor-column elementor-col-100 elementor-top-column elementor-element elementor-element-a6ae8db\" data-id=\"a6ae8db\" data-element_type=\"column\">\n\t\t\t<div class=\"elementor-widget-wrap elementor-element-populated\">\n\t\t\t\t\t\t\t\t<div class=\"elementor-element elementor-element-c1308ae elementor-widget elementor-widget-spacer\" data-id=\"c1308ae\" data-element_type=\"widget\" data-widget_type=\"spacer.default\">\n\t\t\t\t<div class=\"elementor-widget-container\">\n\t\t\t\t\t<div class=\"elementor-spacer\">\n\t\t\t<div class=\"elementor-spacer-inner\"><\/div>\n\t\t<\/div>\n\t\t\t\t<\/div>\n\t\t\t\t<\/div>\n\t\t\t\t\t<\/div>\n\t\t<\/div>\n\t\t\t\t\t\t\t<\/div>\n\t\t<\/section>\n\t\t\t\t<section class=\"elementor-section elementor-top-section elementor-element elementor-element-d73d8bd elementor-section-content-middle elementor-section-boxed elementor-section-height-default elementor-section-height-default\" data-id=\"d73d8bd\" data-element_type=\"section\" data-settings=\"{&quot;_ha_eqh_enable&quot;:false}\">\n\t\t\t\t\t\t<div class=\"elementor-container elementor-column-gap-default\">\n\t\t\t\t\t<div class=\"elementor-column elementor-col-50 elementor-top-column elementor-element elementor-element-25d95b3\" data-id=\"25d95b3\" data-element_type=\"column\">\n\t\t\t<div class=\"elementor-widget-wrap elementor-element-populated\">\n\t\t\t\t\t\t\t\t<div class=\"elementor-element elementor-element-220570c elementor-widget elementor-widget-heading\" data-id=\"220570c\" data-element_type=\"widget\" data-widget_type=\"heading.default\">\n\t\t\t\t<div class=\"elementor-widget-container\">\n\t\t\t<h3 class=\"elementor-heading-title elementor-size-default\">Renata Gibas - Ksi\u0119gowo\u015b\u0107<\/h3>\t\t<\/div>\n\t\t\t\t<\/div>\n\t\t\t\t<div class=\"elementor-element elementor-element-4367aa0 elementor-widget elementor-widget-text-editor\" data-id=\"4367aa0\" data-element_type=\"widget\" data-widget_type=\"text-editor.default\">\n\t\t\t\t<div class=\"elementor-widget-container\">\n\t\t\t\t\t\t\t<h5>Pierwsze kroki w bran\u017cy ksi\u0119gowej postawi\u0142a Renata wybieraj\u0105c kursy, szkolenia oraz studia w tej dziedzinie a nast\u0119pnie podejmuj\u0105c prac\u0119 na stanowisku urz\u0119dniczym.<\/h5><h5>W lutym 2007 otrzyma\u0142a certyfikat ksi\u0119gowy nr 16802\/2007 potwierdzaj\u0105cy kwalifikacje niezb\u0119dne do us\u0142ugowego prowadzenia ksi\u0105g rachunkowych.<\/h5><h5>Dzi\u0119ki uzyskanej licencji w 2008 roku podj\u0119\u0142a ryzyko otwarcia w\u0142asnego biura rachunkowego \u201eFK\u201d kt\u00f3re funkcjonuje nadal w Suchej Beskidzkiej<br \/>pod adresem Billy Wildera 4<\/h5>\t\t\t\t\t\t<\/div>\n\t\t\t\t<\/div>\n\t\t\t\t\t<\/div>\n\t\t<\/div>\n\t\t\t\t<div class=\"elementor-column elementor-col-50 elementor-top-column elementor-element elementor-element-338237a\" data-id=\"338237a\" data-element_type=\"column\">\n\t\t\t<div class=\"elementor-widget-wrap elementor-element-populated\">\n\t\t\t\t\t\t\t\t<div class=\"elementor-element elementor-element-ea926f3 elementor-widget elementor-widget-image\" data-id=\"ea926f3\" data-element_type=\"widget\" data-widget_type=\"image.default\">\n\t\t\t\t<div class=\"elementor-widget-container\">\n\t\t\t\t\t\t\t\t\t\t\t\t\t\t\t<img decoding=\"async\" loading=\"lazy\" width=\"370\" height=\"500\" src=\"https:\/\/worldspark.pl\/wp-content\/uploads\/2021\/08\/000009311616-kopia-370x500.jpg\" class=\"attachment-kava-thumb-m-vertical size-kava-thumb-m-vertical\" alt=\"\" \/>\t\t\t\t\t\t\t\t\t\t\t\t\t\t\t<\/div>\n\t\t\t\t<\/div>\n\t\t\t\t\t<\/div>\n\t\t<\/div>\n\t\t\t\t\t\t\t<\/div>\n\t\t<\/section>\n\t\t\t\t<section class=\"elementor-section elementor-top-section elementor-element elementor-element-9c27c3b elementor-section-boxed elementor-section-height-default elementor-section-height-default\" data-id=\"9c27c3b\" data-element_type=\"section\" data-settings=\"{&quot;_ha_eqh_enable&quot;:false}\">\n\t\t\t\t\t\t<div class=\"elementor-container elementor-column-gap-default\">\n\t\t\t\t\t<div class=\"elementor-column elementor-col-100 elementor-top-column elementor-element elementor-element-680f50b\" data-id=\"680f50b\" data-element_type=\"column\">\n\t\t\t<div class=\"elementor-widget-wrap elementor-element-populated\">\n\t\t\t\t\t\t\t\t<div class=\"elementor-element elementor-element-7aaa451 elementor-widget-divider--view-line elementor-widget elementor-widget-divider\" data-id=\"7aaa451\" data-element_type=\"widget\" data-widget_type=\"divider.default\">\n\t\t\t\t<div class=\"elementor-widget-container\">\n\t\t\t\t\t<div class=\"elementor-divider\">\n\t\t\t<span class=\"elementor-divider-separator\">\n\t\t\t\t\t\t<\/span>\n\t\t<\/div>\n\t\t\t\t<\/div>\n\t\t\t\t<\/div>\n\t\t\t\t\t<\/div>\n\t\t<\/div>\n\t\t\t\t\t\t\t<\/div>\n\t\t<\/section>\n\t\t\t\t<section class=\"elementor-section elementor-top-section elementor-element elementor-element-718685e elementor-section-boxed elementor-section-height-default elementor-section-height-default\" data-id=\"718685e\" data-element_type=\"section\" data-settings=\"{&quot;_ha_eqh_enable&quot;:false}\">\n\t\t\t\t\t\t<div class=\"elementor-container elementor-column-gap-default\">\n\t\t\t\t\t<div class=\"elementor-column elementor-col-50 elementor-top-column elementor-element elementor-element-a76c985\" data-id=\"a76c985\" data-element_type=\"column\">\n\t\t\t<div class=\"elementor-widget-wrap elementor-element-populated\">\n\t\t\t\t\t\t\t\t<div class=\"elementor-element elementor-element-b457c4c elementor-widget elementor-widget-image\" data-id=\"b457c4c\" data-element_type=\"widget\" data-widget_type=\"image.default\">\n\t\t\t\t<div class=\"elementor-widget-container\">\n\t\t\t\t\t\t\t\t\t\t\t\t\t\t\t<img decoding=\"async\" loading=\"lazy\" width=\"370\" height=\"500\" src=\"https:\/\/worldspark.pl\/wp-content\/uploads\/2021\/08\/000007275776-kopia-2-370x500.jpg\" class=\"attachment-kava-thumb-m-vertical size-kava-thumb-m-vertical\" alt=\"\" \/>\t\t\t\t\t\t\t\t\t\t\t\t\t\t\t<\/div>\n\t\t\t\t<\/div>\n\t\t\t\t\t<\/div>\n\t\t<\/div>\n\t\t\t\t<div class=\"elementor-column elementor-col-50 elementor-top-column elementor-element elementor-element-809a832\" data-id=\"809a832\" data-element_type=\"column\">\n\t\t\t<div class=\"elementor-widget-wrap elementor-element-populated\">\n\t\t\t\t\t\t\t\t<div class=\"elementor-element elementor-element-4e0546c elementor-widget elementor-widget-heading\" data-id=\"4e0546c\" data-element_type=\"widget\" data-widget_type=\"heading.default\">\n\t\t\t\t<div class=\"elementor-widget-container\">\n\t\t\t<h3 class=\"elementor-heading-title elementor-size-default\">Krzysztof Gibas - Ubezpieczenia<\/h3>\t\t<\/div>\n\t\t\t\t<\/div>\n\t\t\t\t<div class=\"elementor-element elementor-element-575740c elementor-widget elementor-widget-text-editor\" data-id=\"575740c\" data-element_type=\"widget\" data-widget_type=\"text-editor.default\">\n\t\t\t\t<div class=\"elementor-widget-container\">\n\t\t\t\t\t\t\t<h5>W biznesie pomaga jej m\u0105\u017c magister Prawa I Administracji.<\/h5><h5>Krzysztof otworzy\u0142 sw\u00f3j biznes zaraz po studiach i wspiera\u0142 lokalnych przedsi\u0119biorc\u00f3w \u015bwiadcz\u0105c us\u0142ugi z bran\u017cy IT \u2013 wdra\u017cania nowych technologii i system\u00f3w. <br \/>Prowadzi\u0142 te\u017c dystrybucj\u0119 kas fiskalnych.<\/h5><h5>Czasy si\u0119 zmieniaj\u0105 i chc\u0105c spr\u00f3bowa\u0107 czego\u015b nowego Krzysiek uzyska\u0142 potrzebne certyfikaty i wkroczy\u0142 w bran\u017ce ubezpiecze\u0144 na \u017cycie, korporacyjnych i maj\u0105tkowych.<\/h5><h5>Wychodz\u0105c naprzeciw potrzeb naszych klient\u00f3w ci\u0105gle uzyskujemy nowe licencje i poszerzamy wiedz\u0119 z r\u00f3\u017cnych zakres\u00f3w aby m\u00f3c \u015bwiadczy\u0107 us\u0142ugi szyte na miar\u0119 naszych klient\u00f3w.<\/h5><h5>\u00a0<\/h5>\t\t\t\t\t\t<\/div>\n\t\t\t\t<\/div>\n\t\t\t\t\t<\/div>\n\t\t<\/div>\n\t\t\t\t\t\t\t<\/div>\n\t\t<\/section>\n\t\t\t\t<section class=\"elementor-section elementor-top-section elementor-element elementor-element-c4ff5b3 elementor-section-boxed elementor-section-height-default elementor-section-height-default\" data-id=\"c4ff5b3\" data-element_type=\"section\" data-settings=\"{&quot;_ha_eqh_enable&quot;:false}\">\n\t\t\t\t\t\t<div class=\"elementor-container elementor-column-gap-default\">\n\t\t\t\t\t<div class=\"elementor-column elementor-col-100 elementor-top-column elementor-element elementor-element-b45140f\" data-id=\"b45140f\" data-element_type=\"column\">\n\t\t\t<div class=\"elementor-widget-wrap elementor-element-populated\">\n\t\t\t\t\t\t\t\t<div class=\"elementor-element elementor-element-c987ed7 elementor-widget-divider--view-line elementor-widget elementor-widget-divider\" data-id=\"c987ed7\" data-element_type=\"widget\" data-widget_type=\"divider.default\">\n\t\t\t\t<div class=\"elementor-widget-container\">\n\t\t\t\t\t<div class=\"elementor-divider\">\n\t\t\t<span class=\"elementor-divider-separator\">\n\t\t\t\t\t\t<\/span>\n\t\t<\/div>\n\t\t\t\t<\/div>\n\t\t\t\t<\/div>\n\t\t\t\t\t<\/div>\n\t\t<\/div>\n\t\t\t\t\t\t\t<\/div>\n\t\t<\/section>\n\t\t\t\t<section class=\"elementor-section elementor-top-section elementor-element elementor-element-11a2b3c elementor-section-content-middle elementor-section-boxed elementor-section-height-default elementor-section-height-default\" data-id=\"11a2b3c\" data-element_type=\"section\" data-settings=\"{&quot;_ha_eqh_enable&quot;:false}\">\n\t\t\t\t\t\t<div class=\"elementor-container elementor-column-gap-default\">\n\t\t\t\t\t<div class=\"elementor-column elementor-col-50 elementor-top-column elementor-element elementor-element-926a517\" data-id=\"926a517\" data-element_type=\"column\">\n\t\t\t<div class=\"elementor-widget-wrap elementor-element-populated\">\n\t\t\t\t\t\t\t\t<div class=\"elementor-element elementor-element-b42ce6e elementor-widget elementor-widget-heading\" data-id=\"b42ce6e\" data-element_type=\"widget\" data-widget_type=\"heading.default\">\n\t\t\t\t<div class=\"elementor-widget-container\">\n\t\t\t<h3 class=\"elementor-heading-title elementor-size-default\">Micha\u0142 Gibas - Ksi\u0119gowo\u015b\u0107<\/h3>\t\t<\/div>\n\t\t\t\t<\/div>\n\t\t\t\t<div class=\"elementor-element elementor-element-c401e48 elementor-widget elementor-widget-text-editor\" data-id=\"c401e48\" data-element_type=\"widget\" data-widget_type=\"text-editor.default\">\n\t\t\t\t<div class=\"elementor-widget-container\">\n\t\t\t\t\t\t\t<h5>Najm\u0142odszym cz\u0142onkiem firmy jest Micha\u0142 \u2013 Student Finans\u00f3w i rachunkowo\u015bci &#8211;&nbsp; specjalizacja<br>Doradztwo Podatkowe na Uniwersytecie Ekonomicznym <br>w Krakowie.<\/h5>\n<h5>Uko\u0144czy\u0142 tak\u017ce certyfikacj\u0119 z bran\u017cy ubezpiecze\u0144.<\/h5>\t\t\t\t\t\t<\/div>\n\t\t\t\t<\/div>\n\t\t\t\t\t<\/div>\n\t\t<\/div>\n\t\t\t\t<div class=\"elementor-column elementor-col-50 elementor-top-column elementor-element elementor-element-719f284\" data-id=\"719f284\" data-element_type=\"column\">\n\t\t\t<div class=\"elementor-widget-wrap elementor-element-populated\">\n\t\t\t\t\t\t\t\t<div class=\"elementor-element elementor-element-f04c068 elementor-widget elementor-widget-image\" data-id=\"f04c068\" data-element_type=\"widget\" data-widget_type=\"image.default\">\n\t\t\t\t<div class=\"elementor-widget-container\">\n\t\t\t\t\t\t\t\t\t\t\t\t\t\t\t<img decoding=\"async\" loading=\"lazy\" width=\"370\" height=\"500\" src=\"https:\/\/worldspark.pl\/wp-content\/uploads\/2021\/08\/000006190080-kopia-370x500.jpg\" class=\"attachment-kava-thumb-m-vertical size-kava-thumb-m-vertical\" alt=\"\" \/>\t\t\t\t\t\t\t\t\t\t\t\t\t\t\t<\/div>\n\t\t\t\t<\/div>\n\t\t\t\t\t<\/div>\n\t\t<\/div>\n\t\t\t\t\t\t\t<\/div>\n\t\t<\/section>\n\t\t\t\t<section class=\"elementor-section elementor-top-section elementor-element elementor-element-cece0c9 elementor-section-boxed elementor-section-height-default elementor-section-height-default\" data-id=\"cece0c9\" data-element_type=\"section\" data-settings=\"{&quot;_ha_eqh_enable&quot;:false}\">\n\t\t\t\t\t\t<div class=\"elementor-container elementor-column-gap-default\">\n\t\t\t\t\t<div class=\"elementor-column elementor-col-100 elementor-top-column elementor-element elementor-element-abb83f2\" data-id=\"abb83f2\" data-element_type=\"column\">\n\t\t\t<div class=\"elementor-widget-wrap elementor-element-populated\">\n\t\t\t\t\t\t\t\t<div class=\"elementor-element elementor-element-d040c76 elementor-widget elementor-widget-spacer\" data-id=\"d040c76\" data-element_type=\"widget\" data-widget_type=\"spacer.default\">\n\t\t\t\t<div class=\"elementor-widget-container\">\n\t\t\t\t\t<div class=\"elementor-spacer\">\n\t\t\t<div class=\"elementor-spacer-inner\"><\/div>\n\t\t<\/div>\n\t\t\t\t<\/div>\n\t\t\t\t<\/div>\n\t\t\t\t\t<\/div>\n\t\t<\/div>\n\t\t\t\t\t\t\t<\/div>\n\t\t<\/section>\n\t\t\t\t\t\t\t<\/div>\n\t\t","protected":false},"excerpt":{"rendered":"<p>Kto tworzy World Spark Renata Gibas &#8211; Ksi\u0119gowo\u015b\u0107 Pierwsze kroki w bran\u017cy ksi\u0119gowej postawi\u0142a Renata wybieraj\u0105c kursy, szkolenia oraz studia w tej dziedzinie a nast\u0119pnie podejmuj\u0105c prac\u0119 na stanowisku urz\u0119dniczym. W lutym 2007 otrzyma\u0142a certyfikat ksi\u0119gowy nr 16802\/2007 potwierdzaj\u0105cy kwalifikacje niezb\u0119dne do us\u0142ugowego prowadzenia ksi\u0105g rachunkowych. Dzi\u0119ki uzyskanej licencji w 2008 roku podj\u0119\u0142a ryzyko otwarcia [&hellip;]<\/p>\n","protected":false},"author":1,"featured_media":0,"parent":0,"menu_order":0,"comment_status":"closed","ping_status":"closed","template":"","meta":{"footnotes":""},"_links":{"self":[{"href":"https:\/\/worldspark.pl\/index.php?rest_route=\/wp\/v2\/pages\/19"}],"collection":[{"href":"https:\/\/worldspark.pl\/index.php?rest_route=\/wp\/v2\/pages"}],"about":[{"href":"https:\/\/worldspark.pl\/index.php?rest_route=\/wp\/v2\/types\/page"}],"author":[{"embeddable":true,"href":"https:\/\/worldspark.pl\/index.php?rest_route=\/wp\/v2\/users\/1"}],"replies":[{"embeddable":true,"href":"https:\/\/worldspark.pl\/index.php?rest_route=%2Fwp%2Fv2%2Fcomments&post=19"}],"version-history":[{"count":19,"href":"https:\/\/worldspark.pl\/index.php?rest_route=\/wp\/v2\/pages\/19\/revisions"}],"predecessor-version":[{"id":282,"href":"https:\/\/worldspark.pl\/index.php?rest_route=\/wp\/v2\/pages\/19\/revisions\/282"}],"wp:attachment":[{"href":"https:\/\/worldspark.pl\/index.php?rest_route=%2Fwp%2Fv2%2Fmedia&parent=19"}],"curies":[{"name":"wp","href":"https:\/\/api.w.org\/{rel}","templated":true}]}}